{"id":3592,"date":"2024-01-23T08:28:05","date_gmt":"2024-01-23T08:28:05","guid":{"rendered":"https:\/\/regsteel.hu\/?page_id=3592"},"modified":"2024-01-23T14:16:42","modified_gmt":"2024-01-23T14:16:42","slug":"rolunk","status":"publish","type":"page","link":"https:\/\/regsteel.hu\/?page_id=3592","title":{"rendered":"R\u00f3lunk"},"content":{"rendered":"<p>A Regatta Project Kft. azzal a c\u00e9llal alakult meg 2008-ban, hogy mint szak\u00e9rt\u0151i iroda, t\u00e1mogassa partnerei sz\u00e1m\u00edt\u00e1stechnikai d\u00f6nt\u00e9shoz\u00f3i tev\u00e9kenys\u00e9g\u00e9t, illetve speci\u00e1lis egyedi fejleszt\u00e9sekkel &#8211; hardver \u00e9s szoftver ter\u00fcleten egyar\u00e1nt &#8211; seg\u00edtse megrendel\u0151inek munk\u00e1j\u00e1t.<\/p>\n<p>A c\u00e9g vezet\u0151je Gazs\u00f3 Zolt\u00e1n, aki 1986 \u00f3ta foglalkozik szoftverrendszerek fejleszt\u00e9s\u00e9vel. \u00a0F\u0151 profilja az egyedi v\u00e1llalat \u00e9s termel\u00e9sir\u00e1ny\u00edt\u00e1si, valamint \u00fcgyviteli rendszerek tervez\u00e9se, fejleszt\u00e9se. A Budapesti M\u0171szaki Egyetem M\u00e9rn\u00f6ktov\u00e1bbk\u00e9pz\u0151 Int\u00e9zet\u00e9ben 1986-ban els\u0151k\u00e9nt kezdte meg a PC-k kezel\u00e9s\u00e9nek \u00e9s programoz\u00e1s\u00e1nak oktat\u00e1s\u00e1t. Szakir\u00e1nya az objektumorient\u00e1lt, esem\u00e9nyvez\u00e9relt fejleszt\u0151eszk\u00f6z\u00f6k, ezen bel\u00fcl els\u0151dlegesen az adatb\u00e1zis-kezel\u0151 rendszerek oktat\u00e1sa. T\u00f6bb jegyzete \u00e9s sz\u00e1m\u00edt\u00e1stechnikai szakk\u00f6nyve jelent meg.<\/p>\n<p>A Regatta Project Kft. c\u00e9lja, hogy k\u00f6lts\u00e9ghat\u00e9kony megold\u00e1sokat keresve, r\u00f6vid hat\u00e1rid\u0151n bel\u00fcl, a megrendel\u0151i ig\u00e9nyek maxim\u00e1lis szem el\u0151tt tart\u00e1s\u00e1val l\u00e1ssa el feladatait, s partnereivel hossz\u00fa t\u00e1v\u00fa egy\u00fcttm\u0171k\u00f6d\u00e9st alak\u00edtson ki.<\/p>\n<p>Rendszereink fejleszt\u00e9s\u00e9t a legkorszer\u0171bb eszk\u00f6z\u00f6k alkalmaz\u00e1s\u00e1val v\u00e9gezz\u00fck. Egyar\u00e1nt fejleszt\u00fcnk desktop \u00e9s web alap\u00fa alkalmaz\u00e1sokat, illetve mobil eszk\u00f6z\u00f6kre \u00edrt programokat is.<\/p>\n<p>Nemcsak szoftver, de hardver fejleszt\u00e9s ter\u00e9n is otthonosan mozgunk, sz\u00e1mos egyedi vez\u00e9rl\u0151, adatgy\u0171jt\u0151 eszk\u00f6zt tervezt\u00fcnk, k\u00e9sz\u00edtett\u00fcnk \u00e9s integr\u00e1ltunk rendszereinkbe.<\/p>\n<p>C\u00e9g\u00fcnkben tapasztalt, magasan kvalifik\u00e1lt koll\u00e9g\u00e1k dolgoznak, akik \u00f6n\u00e1ll\u00f3an is k\u00e9pesek egy-egy projektet v\u00e9gigvinni. T\u00f6bben k\u00f6z\u00fcl\u00fck egyetem oktat\u00f3i m\u00falttal \u00e9s\/vagy tudom\u00e1nyos fokozattal rendelkeznek.<\/p>\n<p>A c\u00e9g kiterjedt kapcsolatokkal rendelkezik a szakm\u00e1n bel\u00fcl, \u00edgy a speci\u00e1lis feladatokra a legkiv\u00e1l\u00f3bb szakembereket k\u00e9ri fel k\u00f6zrem\u0171k\u00f6d\u00e9sre.<\/p>\n<p>Mindezek mellett biztos\u00edtott a hardveres \u00fczemeltet\u0151i, rendszerm\u00e9rn\u00f6ki h\u00e1tt\u00e9r is.<\/p>\n","protected":false},"excerpt":{"rendered":"<p>A Regatta Project Kft. azzal a c\u00e9llal alakult meg 2008-ban, hogy mint szak\u00e9rt\u0151i iroda, t\u00e1mogassa partnerei sz\u00e1m\u00edt\u00e1stechnikai d\u00f6nt\u00e9shoz\u00f3i tev\u00e9kenys\u00e9g\u00e9t, illetve speci\u00e1lis egyedi fejleszt\u00e9sekkel &#8211; hardver \u00e9s szoftver ter\u00fcleten egyar\u00e1nt &#8211; seg\u00edtse megrendel\u0151inek munk\u00e1j\u00e1t. A c\u00e9g vezet\u0151je Gazs\u00f3 Zolt\u00e1n, aki 1986 \u00f3ta foglalkozik szoftverrendszerek fejleszt\u00e9s\u00e9vel. \u00a0F\u0151 profilja az egyedi v\u00e1llalat \u00e9s termel\u00e9sir\u00e1ny\u00edt\u00e1si, valamint \u00fcgyviteli rendszerek tervez\u00e9se, fejleszt\u00e9se. A Budapesti M\u0171szaki Egyetem M\u00e9rn\u00f6ktov\u00e1bbk\u00e9pz\u0151 Int\u00e9zet\u00e9ben 1986-ban els\u0151k\u00e9nt kezdte meg a PC-k kezel\u00e9s\u00e9nek \u00e9s programoz\u00e1s\u00e1nak oktat\u00e1s\u00e1t. Szakir\u00e1nya az objektumorient\u00e1lt, esem\u00e9nyvez\u00e9relt fejleszt\u0151eszk\u00f6z\u00f6k, ezen bel\u00fcl els\u0151dlegesen&hellip;<\/p>\n","protected":false},"author":1,"featured_media":3555,"parent":0,"menu_order":0,"comment_status":"closed","ping_status":"closed","template":"","meta":{"footnotes":""},"class_list":["post-3592","page","type-page","status-publish","has-post-thumbnail","hentry","post-has-thumbnail"],"_links":{"self":[{"href":"https:\/\/regsteel.hu\/index.php?rest_route=\/wp\/v2\/pages\/3592","targetHints":{"allow":["GET"]}}],"collection":[{"href":"https:\/\/regsteel.hu\/index.php?rest_route=\/wp\/v2\/pages"}],"about":[{"href":"https:\/\/regsteel.hu\/index.php?rest_route=\/wp\/v2\/types\/page"}],"author":[{"embeddable":true,"href":"https:\/\/regsteel.hu\/index.php?rest_route=\/wp\/v2\/users\/1"}],"replies":[{"embeddable":true,"href":"https:\/\/regsteel.hu\/index.php?rest_route=%2Fwp%2Fv2%2Fcomments&post=3592"}],"version-history":[{"count":1,"href":"https:\/\/regsteel.hu\/index.php?rest_route=\/wp\/v2\/pages\/3592\/revisions"}],"predecessor-version":[{"id":3593,"href":"https:\/\/regsteel.hu\/index.php?rest_route=\/wp\/v2\/pages\/3592\/revisions\/3593"}],"wp:featuredmedia":[{"embeddable":true,"href":"https:\/\/regsteel.hu\/index.php?rest_route=\/wp\/v2\/media\/3555"}],"wp:attachment":[{"href":"https:\/\/regsteel.hu\/index.php?rest_route=%2Fwp%2Fv2%2Fmedia&parent=3592"}],"curies":[{"name":"wp","href":"https:\/\/api.w.org\/{rel}","templated":true}]}}