{"id":3640,"date":"2024-01-23T14:15:23","date_gmt":"2024-01-23T14:15:23","guid":{"rendered":"https:\/\/regsteel.hu\/?page_id=3640"},"modified":"2024-02-12T16:03:37","modified_gmt":"2024-02-12T16:03:37","slug":"projektdokumentumok-kezelese","status":"publish","type":"page","link":"https:\/\/regsteel.hu\/?page_id=3640","title":{"rendered":"Dokumentumkezel\u00e9s"},"content":{"rendered":"<p>A REG-Steel rendszer teljesk\u00f6r\u0171en kezeli a projektekhez k\u00f6t\u0151d\u0151 dokument\u00e1ci\u00f3t:<\/p>\n<ul>\n<li>Aj\u00e1nlatok<\/li>\n<li>Szerz\u0151d\u00e9sek<\/li>\n<li>Projektek<\/li>\n<li>Teljes\u00edt\u00e9sigazol\u00e1sok<\/li>\n<li>Sz\u00e1ml\u00e1k<\/li>\n<li>Garanci\u00e1lis id\u0151szakok<\/li>\n<\/ul>\n<p><img loading=\"lazy\" decoding=\"async\" class=\"aligncenter  wp-image-3659\" src=\"https:\/\/regsteel.hu\/wp-content\/uploads\/2024\/02\/Kepkivagas-300x106.jpg\" alt=\"\" width=\"710\" height=\"251\" srcset=\"https:\/\/regsteel.hu\/wp-content\/uploads\/2024\/02\/Kepkivagas-300x106.jpg 300w, https:\/\/regsteel.hu\/wp-content\/uploads\/2024\/02\/Kepkivagas-1024x360.jpg 1024w, https:\/\/regsteel.hu\/wp-content\/uploads\/2024\/02\/Kepkivagas-768x270.jpg 768w, https:\/\/regsteel.hu\/wp-content\/uploads\/2024\/02\/Kepkivagas-1536x540.jpg 1536w, https:\/\/regsteel.hu\/wp-content\/uploads\/2024\/02\/Kepkivagas.jpg 1842w\" sizes=\"auto, (max-width: 710px) 100vw, 710px\" \/><\/p>\n<p>&nbsp;<\/p>\n<p>Megadhat\u00f3ak a dokumentum j\u00f3v\u00e1hagy\u00f3i, csatolhat\u00f3k feljegyz\u00e9sek, kifizet\u00e9sek, egy\u00e9b hivatkoz\u00e1sok. R\u00f6gz\u00edthet\u0151 a kik\u00fcld\u00e9s, a szolg\u00e1ltat\u00e1sok t\u00edpusai. Figyelmeztet\u00e9sek adhat\u00f3k a dokumentumhoz, melyek az adott napon, vagy hat\u00e1rid\u0151ben \u00e9rtes\u00edtik a felel\u0151st az elv\u00e9gzend\u0151 feladatr\u00f3l.<\/p>\n<p>Dokumentumsablonok hozhat\u00f3ak l\u00e9tre, melyeket a rendszeren bel\u00fcl felhaszn\u00e1lhatnak a jogosultak \u00faj dokumentumok k\u00e9sz\u00edt\u00e9s\u00e9re.<\/p>\n<p>Valamennyi a rendszerben l\u00e9trehozott dokumentum automatikusan t\u00e1rol\u00f3dik az adott projekthez.<\/p>\n<p>A dokumentumok l\u00e9trehoz\u00e1s\u00e1t a sablont\u00e1ron k\u00edv\u00fcl a be\u00e9p\u00edtett Word \u00e9s Excel komponens is seg\u00edti, mely lehet\u0151v\u00e9 teszi, hogy az Office n\u00e9lk\u00fcl lehessen \u00faj dokumentumokat nyitni, szerkeszteni.<\/p>\n<p><img loading=\"lazy\" decoding=\"async\" class=\"aligncenter  wp-image-3660\" src=\"https:\/\/regsteel.hu\/wp-content\/uploads\/2024\/02\/Kepkivagas2-300x111.jpg\" alt=\"\" width=\"668\" height=\"247\" srcset=\"https:\/\/regsteel.hu\/wp-content\/uploads\/2024\/02\/Kepkivagas2-300x111.jpg 300w, https:\/\/regsteel.hu\/wp-content\/uploads\/2024\/02\/Kepkivagas2-1024x379.jpg 1024w, https:\/\/regsteel.hu\/wp-content\/uploads\/2024\/02\/Kepkivagas2-768x284.jpg 768w, https:\/\/regsteel.hu\/wp-content\/uploads\/2024\/02\/Kepkivagas2.jpg 1215w\" sizes=\"auto, (max-width: 668px) 100vw, 668px\" \/><\/p>\n<p>&nbsp;<\/p>\n<p>A szoftver a bejelentkezett felhaszn\u00e1l\u00f3ra lesz\u0171ri a hozz\u00e1 tartoz\u00f3 dokumentumokat, el\u0151seg\u00edtve a gyors munkav\u00e9gz\u00e9st.<\/p>\n<p>Kiemelten kezeli a garanci\u00e1lis id\u0151szakok dokument\u00e1ci\u00f3it is, el\u0151seg\u00edtve ezzel a projektek ut\u00f3kezel\u00e9s\u00e9t, ut\u00f3k\u00f6vet\u00e9s\u00e9t.<\/p>\n","protected":false},"excerpt":{"rendered":"<p>A REG-Steel rendszer teljesk\u00f6r\u0171en kezeli a projektekhez k\u00f6t\u0151d\u0151 dokument\u00e1ci\u00f3t: Aj\u00e1nlatok Szerz\u0151d\u00e9sek Projektek Teljes\u00edt\u00e9sigazol\u00e1sok Sz\u00e1ml\u00e1k Garanci\u00e1lis id\u0151szakok &nbsp; Megadhat\u00f3ak a dokumentum j\u00f3v\u00e1hagy\u00f3i, csatolhat\u00f3k feljegyz\u00e9sek, kifizet\u00e9sek, egy\u00e9b hivatkoz\u00e1sok. R\u00f6gz\u00edthet\u0151 a kik\u00fcld\u00e9s, a szolg\u00e1ltat\u00e1sok t\u00edpusai. Figyelmeztet\u00e9sek adhat\u00f3k a dokumentumhoz, melyek az adott napon, vagy hat\u00e1rid\u0151ben \u00e9rtes\u00edtik a felel\u0151st az elv\u00e9gzend\u0151 feladatr\u00f3l. Dokumentumsablonok hozhat\u00f3ak l\u00e9tre, melyeket a rendszeren bel\u00fcl felhaszn\u00e1lhatnak a jogosultak \u00faj dokumentumok k\u00e9sz\u00edt\u00e9s\u00e9re. Valamennyi a rendszerben l\u00e9trehozott dokumentum automatikusan t\u00e1rol\u00f3dik az adott projekthez. A dokumentumok l\u00e9trehoz\u00e1s\u00e1t a sablont\u00e1ron k\u00edv\u00fcl a be\u00e9p\u00edtett Word&hellip;<\/p>\n","protected":false},"author":1,"featured_media":3573,"parent":0,"menu_order":0,"comment_status":"closed","ping_status":"closed","template":"","meta":{"footnotes":""},"class_list":["post-3640","page","type-page","status-publish","has-post-thumbnail","hentry","post-has-thumbnail"],"_links":{"self":[{"href":"https:\/\/regsteel.hu\/index.php?rest_route=\/wp\/v2\/pages\/3640","targetHints":{"allow":["GET"]}}],"collection":[{"href":"https:\/\/regsteel.hu\/index.php?rest_route=\/wp\/v2\/pages"}],"about":[{"href":"https:\/\/regsteel.hu\/index.php?rest_route=\/wp\/v2\/types\/page"}],"author":[{"embeddable":true,"href":"https:\/\/regsteel.hu\/index.php?rest_route=\/wp\/v2\/users\/1"}],"replies":[{"embeddable":true,"href":"https:\/\/regsteel.hu\/index.php?rest_route=%2Fwp%2Fv2%2Fcomments&post=3640"}],"version-history":[{"count":5,"href":"https:\/\/regsteel.hu\/index.php?rest_route=\/wp\/v2\/pages\/3640\/revisions"}],"predecessor-version":[{"id":3661,"href":"https:\/\/regsteel.hu\/index.php?rest_route=\/wp\/v2\/pages\/3640\/revisions\/3661"}],"wp:featuredmedia":[{"embeddable":true,"href":"https:\/\/regsteel.hu\/index.php?rest_route=\/wp\/v2\/media\/3573"}],"wp:attachment":[{"href":"https:\/\/regsteel.hu\/index.php?rest_route=%2Fwp%2Fv2%2Fmedia&parent=3640"}],"curies":[{"name":"wp","href":"https:\/\/api.w.org\/{rel}","templated":true}]}}