{"id":3642,"date":"2024-01-23T14:15:53","date_gmt":"2024-01-23T14:15:53","guid":{"rendered":"https:\/\/regsteel.hu\/?page_id=3642"},"modified":"2024-02-13T07:18:40","modified_gmt":"2024-02-13T07:18:40","slug":"gyartaselokeszites","status":"publish","type":"page","link":"https:\/\/regsteel.hu\/?page_id=3642","title":{"rendered":"Gy\u00e1rt\u00e1sel\u0151k\u00e9sz\u00edt\u00e9s"},"content":{"rendered":"<h2>A gy\u00e1rt\u00e1si folyamat el\u0151k\u00e9sz\u00edt\u00e9se<\/h2>\n<p>A REG-Steel szoftver f\u0151 feladata a v\u00e1gott, hajl\u00edtott betonac\u00e9l term\u00e9kek gy\u00e1rt\u00e1s\u00e1nak t\u00e1mogat\u00e1sa. R\u00f6gz\u00edthet\u0151k az<\/p>\n<ul>\n<li>Aj\u00e1nlatk\u00e9r\u00e9sek<\/li>\n<li>Megrendel\u00e9sek<\/li>\n<li>Munk\u00e1k<\/li>\n<li>Alapanyag k\u00e9szletmozg\u00e1sok<\/li>\n<li>K\u00e9szterm\u00e9k k\u00e9szlet mozg\u00e1sok<\/li>\n<li>Kontingensek k\u00f6z\u00f6tti \u00e1tmozgat\u00e1sok<\/li>\n<li>Sz\u00e1ll\u00edt\u00f3levelek<\/li>\n<\/ul>\n<p>A Megrendel\u00e9sek egyar\u00e1nt tartalmazhatnak gy\u00e1rtott \u00e9s nem gy\u00e1rtott (egy\u00e9b) t\u00e9teleket. Ut\u00f3bbiak azok a k\u00e9szterm\u00e9kek, melyeket a c\u00e9g tov\u00e1bb\u00e9rt\u00e9kes\u00edt, pl. betonac\u00e9l h\u00e1l\u00f3, k\u00f6t\u00f6z\u0151dr\u00f3t stb.<\/p>\n<p><img loading=\"lazy\" decoding=\"async\" class=\"aligncenter wp-image-3662\" src=\"https:\/\/regsteel.hu\/wp-content\/uploads\/2024\/02\/Kepkivagas3-300x114.jpg\" alt=\"\" width=\"800\" height=\"304\" srcset=\"https:\/\/regsteel.hu\/wp-content\/uploads\/2024\/02\/Kepkivagas3-300x114.jpg 300w, https:\/\/regsteel.hu\/wp-content\/uploads\/2024\/02\/Kepkivagas3-1024x388.jpg 1024w, https:\/\/regsteel.hu\/wp-content\/uploads\/2024\/02\/Kepkivagas3-768x291.jpg 768w, https:\/\/regsteel.hu\/wp-content\/uploads\/2024\/02\/Kepkivagas3-1536x582.jpg 1536w, https:\/\/regsteel.hu\/wp-content\/uploads\/2024\/02\/Kepkivagas3.jpg 1848w\" sizes=\"auto, (max-width: 800px) 100vw, 800px\" \/><\/p>\n<p>&nbsp;<\/p>\n<p><img loading=\"lazy\" decoding=\"async\" class=\"aligncenter wp-image-3663\" src=\"https:\/\/regsteel.hu\/wp-content\/uploads\/2024\/02\/Kepkivagas4-300x44.jpg\" alt=\"\" width=\"873\" height=\"128\" srcset=\"https:\/\/regsteel.hu\/wp-content\/uploads\/2024\/02\/Kepkivagas4-300x44.jpg 300w, https:\/\/regsteel.hu\/wp-content\/uploads\/2024\/02\/Kepkivagas4-1024x149.jpg 1024w, https:\/\/regsteel.hu\/wp-content\/uploads\/2024\/02\/Kepkivagas4-768x112.jpg 768w, https:\/\/regsteel.hu\/wp-content\/uploads\/2024\/02\/Kepkivagas4-1536x223.jpg 1536w, https:\/\/regsteel.hu\/wp-content\/uploads\/2024\/02\/Kepkivagas4.jpg 1584w\" sizes=\"auto, (max-width: 873px) 100vw, 873px\" \/><\/p>\n<p>&nbsp;<\/p>\n<p><img loading=\"lazy\" decoding=\"async\" class=\"aligncenter wp-image-3665\" src=\"https:\/\/regsteel.hu\/wp-content\/uploads\/2024\/02\/Kepkivagas6-300x53.jpg\" alt=\"\" width=\"799\" height=\"141\" srcset=\"https:\/\/regsteel.hu\/wp-content\/uploads\/2024\/02\/Kepkivagas6-300x53.jpg 300w, https:\/\/regsteel.hu\/wp-content\/uploads\/2024\/02\/Kepkivagas6-1024x180.jpg 1024w, https:\/\/regsteel.hu\/wp-content\/uploads\/2024\/02\/Kepkivagas6-768x135.jpg 768w, https:\/\/regsteel.hu\/wp-content\/uploads\/2024\/02\/Kepkivagas6-1536x270.jpg 1536w, https:\/\/regsteel.hu\/wp-content\/uploads\/2024\/02\/Kepkivagas6.jpg 1580w\" sizes=\"auto, (max-width: 799px) 100vw, 799px\" \/><\/p>\n<p>A felvett t\u00e9telekr\u0151l gy\u00e1rt\u00e1sel\u0151k\u00e9sz\u00edt\u0151 lap nyomtathat\u00f3. Ezt a lapot lehet kiadni az \u00fczembe, ennek alapj\u00e1n kell elv\u00e9gezni a gy\u00e1rt\u00e1st.<\/p>\n<p>Ugyancsak itt nyomtathat\u00f3k ki a c\u00edmk\u00e9k, melyeket a legy\u00e1rtott term\u00e9kek egys\u00e9gcsomagjaira kell felk\u00f6t\u00f6zni, azok azonos\u00edthat\u00f3s\u00e1ga v\u00e9gett.<\/p>\n<p>Ezeket a c\u00edmk\u00e9ket olvassa le a dolgoz\u00f3 a k\u00e9sz\u00fclts\u00e9g lejelent\u00e9s\u00e9hez, illetve a rakod\u00e1si jegyz\u00e9k alapj\u00e1n t\u00f6rt\u00e9n\u0151 felrakod\u00e1s lejelent\u00e9s\u00e9hez. Gyakorlatilag a c\u00edmke teszi lehet\u0151v\u00e9 a termel\u00e9s nyomonk\u00f6vet\u00e9s\u00e9t, a k\u00e9sz\u00fclts\u00e9g, kisz\u00e1ll\u00edt\u00e1si folyamat ellen\u0151rz\u00e9s\u00e9t.<\/p>\n<p>Ezzel a m\u00f3dszerrel nyomon k\u00f6vethet\u0151 a gy\u00e1rt\u00e1s mindenkori \u00e1llapota, illetve ellen\u0151rizhet\u0151 a g\u00e9pkocsira felrakott term\u00e9kek k\u00f6re, darabsz\u00e1ma, s\u00falya.<\/p>\n<p><img loading=\"lazy\" decoding=\"async\" class=\"wp-image-3668 alignleft\" src=\"https:\/\/regsteel.hu\/wp-content\/uploads\/2024\/02\/Kepkivagas7-268x300.jpg\" alt=\"\" width=\"409\" height=\"458\" srcset=\"https:\/\/regsteel.hu\/wp-content\/uploads\/2024\/02\/Kepkivagas7-268x300.jpg 268w, https:\/\/regsteel.hu\/wp-content\/uploads\/2024\/02\/Kepkivagas7-768x860.jpg 768w, https:\/\/regsteel.hu\/wp-content\/uploads\/2024\/02\/Kepkivagas7.jpg 834w\" sizes=\"auto, (max-width: 409px) 100vw, 409px\" \/><img loading=\"lazy\" decoding=\"async\" class=\"wp-image-3669 alignleft\" src=\"https:\/\/regsteel.hu\/wp-content\/uploads\/2024\/02\/Kepkivagas.8-213x300.jpg\" alt=\"\" width=\"327\" height=\"460\" srcset=\"https:\/\/regsteel.hu\/wp-content\/uploads\/2024\/02\/Kepkivagas.8-213x300.jpg 213w, https:\/\/regsteel.hu\/wp-content\/uploads\/2024\/02\/Kepkivagas.8.jpg 548w\" sizes=\"auto, (max-width: 327px) 100vw, 327px\" \/><\/p>\n<p>&nbsp;<\/p>\n<p>&nbsp;<\/p>\n<p>&nbsp;<\/p>\n<p>&nbsp;<\/p>\n<p>&nbsp;<\/p>\n<p>&nbsp;<\/p>\n<p>&nbsp;<\/p>\n<p>&nbsp;<\/p>\n<p>&nbsp;<\/p>\n<p>&nbsp;<\/p>\n<p>&nbsp;<\/p>\n<p style=\"text-align: left;\">A gy\u00e1rtott \u00e9s egy\u00e9b t\u00e9telekr\u0151l betonac\u00e9l kimutat\u00e1s k\u00e9sz\u00edthet\u0151, mely tartalmazza mindk\u00e9t term\u00e9kt\u00edpus \u00f6sszes\u00edtett s\u00faly\u00e1t, darabsz\u00e1m\u00e1t.<\/p>\n<p><img loading=\"lazy\" decoding=\"async\" class=\"aligncenter wp-image-3672\" src=\"https:\/\/regsteel.hu\/wp-content\/uploads\/2024\/02\/Kepkivagas9-300x208.jpg\" alt=\"\" width=\"408\" height=\"283\" srcset=\"https:\/\/regsteel.hu\/wp-content\/uploads\/2024\/02\/Kepkivagas9-300x208.jpg 300w, https:\/\/regsteel.hu\/wp-content\/uploads\/2024\/02\/Kepkivagas9-768x533.jpg 768w, https:\/\/regsteel.hu\/wp-content\/uploads\/2024\/02\/Kepkivagas9.jpg 813w\" sizes=\"auto, (max-width: 408px) 100vw, 408px\" \/><\/p>\n<p>A szoftver kezeli a megrendel\u00e9sek st\u00e1tusz\u00e1t, err\u0151l real time &#8211; amennyiben integr\u00e1ljuk a vonalk\u00f3dos termel\u00e9sk\u00f6vet\u0151 alrendszert a REG-Steelbe &#8211; t\u00e1j\u00e9koztat\u00e1st ny\u00fajt a vezet\u0151i inform\u00e1ci\u00f3s rendszerben:<\/p>\n<ul>\n<li>R\u00f6gz\u00edtve<\/li>\n<li>Bek\u00fcldve gy\u00e1rt\u00e1sra<\/li>\n<li>Visszaigazolva<\/li>\n<li>Gy\u00e1rt\u00e1sba adva<\/li>\n<li>R\u00e9szben legy\u00e1rtva<\/li>\n<li>Legy\u00e1rtva<\/li>\n<li>Kisz\u00e1ll\u00edtva<\/li>\n<\/ul>\n<h2>C\u00edmke nyomtat\u00e1s<\/h2>\n<p>A rendszer a term\u00e9k c\u00edmk\u00e9ket A4-es form\u00e1tumban \u00e9s c\u00edmke nyomtat\u00f3ra is k\u00e9pes kinyomtatni. A c\u00edmke nyomtat\u00e1shoz a Zebra nyomtat\u00f3csal\u00e1dot aj\u00e1nljuk, ennek beszerz\u00e9s\u00e9ben \u00e9s be\u00fczemel\u00e9s\u00e9ben is seg\u00edts\u00e9get tudunk ny\u00fajtani.<\/p>\n<h2>Kontingens kezel\u00e9s<\/h2>\n<p>A szoftver kezeli a kontingenseket. Az els\u0151 \u00e9s kiemelt alap kontingens a szoftver tulajdonos\u00e1nak alapanyag kontingense, mely Saj\u00e1t kontingensk\u00e9nt, minden gy\u00e1rt\u00e1s sor\u00e1n el\u00e9rhet\u0151.<\/p>\n<p>A partnereknek is lehetnek kontingenseik, egynek ak\u00e1r t\u00f6bb is. A kontingensek nem azonosak a fizikai rakt\u00e1rral, ezek logikai rakt\u00e1rak, melyekben meghat\u00e1rozhat\u00f3, milyen elm\u00e9leti (vagy val\u00f3s) k\u00e9szlettel rendelkezik az adott partner.<\/p>\n<p>A kontingensek \u00f6sszege teszi ki a teljes anyagk\u00e9szletet \u2013 alapanyag rakt\u00e1rk\u00e9szletet.<\/p>\n<p>A kontingensek k\u00e9szlete mehet m\u00ednuszba, hiszen m\u00e1s kontingensb\u0151l, pl. saj\u00e1tb\u00f3l megt\u00f6rt\u00e9nhet a gy\u00e1rt\u00e1s, ezt a k\u00e9s\u0151bbiekben ki kell p\u00f3tolni: bev\u00e9telezessel, vagy a kontingensek k\u00f6z\u00f6tti anyag \u00e1tmozgat\u00e1ssal.<\/p>\n<p>A modulban mind a saj\u00e1t, mind az idegen k\u00e9szlet kontingenseinek adatait megadhatjuk. A szortimenteket a felhaszn\u00e1l\u00f3 \u00e1ll\u00edtja \u00f6ssze, a m\u00e9ret intervallum megad\u00e1s\u00e1val. A tov\u00e1bbiakban a kimutat\u00e1sok ezeket az intervallumokat haszn\u00e1lj\u00e1k.<\/p>\n<p>A kontingensek \u00f6sszevonhat\u00f3ak, illetve a k\u00e9szlet \u00e1tmozgathat\u00f3 \u2013 r\u00e9szekben is \u2013 a kontingensek k\u00f6z\u00f6tt. A kontingensekhez megadhat\u00f3ak a minimum k\u00e9szlet \u00e9rt\u00e9kek.<\/p>\n<p>A rendszer minden anyagfelhaszn\u00e1l\u00e1st azonnal adminisztr\u00e1l \u00e9s felvezet a k\u00e9szletkartonokra, \u00edgy a kontingensek az adott id\u0151pillanatban ismert k\u00e9szletet tudj\u00e1k megmutatni!<\/p>\n<h2>Cikkcsoportok \u00e9s cikkek<\/h2>\n<p>A modulban a gy\u00e1rtott \u00e9s forgalmazott cikkek adatait kezelhetj\u00fck.<\/p>\n<p><img loading=\"lazy\" decoding=\"async\" class=\"aligncenter wp-image-3675\" src=\"https:\/\/regsteel.hu\/wp-content\/uploads\/2024\/02\/Kepkivagas10-300x62.jpg\" alt=\"\" width=\"721\" height=\"149\" srcset=\"https:\/\/regsteel.hu\/wp-content\/uploads\/2024\/02\/Kepkivagas10-300x62.jpg 300w, https:\/\/regsteel.hu\/wp-content\/uploads\/2024\/02\/Kepkivagas10-1024x212.jpg 1024w, https:\/\/regsteel.hu\/wp-content\/uploads\/2024\/02\/Kepkivagas10-768x159.jpg 768w, https:\/\/regsteel.hu\/wp-content\/uploads\/2024\/02\/Kepkivagas10-1536x317.jpg 1536w, https:\/\/regsteel.hu\/wp-content\/uploads\/2024\/02\/Kepkivagas10.jpg 1549w\" sizes=\"auto, (max-width: 721px) 100vw, 721px\" \/><\/p>\n<p>A cikk adatlapj\u00e1n valamennyi sz\u00fcks\u00e9ges gy\u00e1rt\u00e1si \u00e9s kereskedelmi adat megadhat\u00f3:<\/p>\n<p><img loading=\"lazy\" decoding=\"async\" class=\"aligncenter wp-image-3674\" src=\"https:\/\/regsteel.hu\/wp-content\/uploads\/2024\/02\/11-300x181.jpg\" alt=\"\" width=\"452\" height=\"273\" srcset=\"https:\/\/regsteel.hu\/wp-content\/uploads\/2024\/02\/11-300x181.jpg 300w, https:\/\/regsteel.hu\/wp-content\/uploads\/2024\/02\/11-1024x619.jpg 1024w, https:\/\/regsteel.hu\/wp-content\/uploads\/2024\/02\/11-768x464.jpg 768w, https:\/\/regsteel.hu\/wp-content\/uploads\/2024\/02\/11.jpg 1061w\" sizes=\"auto, (max-width: 452px) 100vw, 452px\" \/><\/p>\n<h2>Alakt\u00e1r<\/h2>\n<p>Az alakt\u00e1rban adhat\u00f3ak meg a gy\u00e1rtott alakok \u00e9s azok adatai. Ebb\u0151l az alakt\u00e1rb\u00f3l dolgozik a rendszer a ki\u00edr\u00f3lapok \u00f6ssze\u00e1ll\u00edt\u00e1sa sor\u00e1n.<\/p>\n<p>\u00daj alakok eset\u00e9n csak el kell k\u00e9sz\u00edteni az alak rajz\u00e1t (pl. MS Paint-ban) \u00e9s fel kell venni az alakt\u00e1rba. Adatainak megad\u00e1sa ut\u00e1n m\u00e1ris haszn\u00e1lhat\u00f3 a gy\u00e1rt\u00e1stervez\u00e9s sor\u00e1n.<img loading=\"lazy\" decoding=\"async\" class=\"wp-image-3677 aligncenter\" src=\"https:\/\/regsteel.hu\/wp-content\/uploads\/2024\/02\/12-300x171.jpg\" alt=\"\" width=\"437\" height=\"249\" srcset=\"https:\/\/regsteel.hu\/wp-content\/uploads\/2024\/02\/12-300x171.jpg 300w, https:\/\/regsteel.hu\/wp-content\/uploads\/2024\/02\/12-1024x583.jpg 1024w, https:\/\/regsteel.hu\/wp-content\/uploads\/2024\/02\/12-768x437.jpg 768w, https:\/\/regsteel.hu\/wp-content\/uploads\/2024\/02\/12.jpg 1068w\" sizes=\"auto, (max-width: 437px) 100vw, 437px\" \/> <img loading=\"lazy\" decoding=\"async\" class=\"wp-image-3678 aligncenter\" src=\"https:\/\/regsteel.hu\/wp-content\/uploads\/2024\/02\/13-300x155.jpg\" alt=\"\" width=\"439\" height=\"227\" srcset=\"https:\/\/regsteel.hu\/wp-content\/uploads\/2024\/02\/13-300x155.jpg 300w, https:\/\/regsteel.hu\/wp-content\/uploads\/2024\/02\/13-1024x529.jpg 1024w, https:\/\/regsteel.hu\/wp-content\/uploads\/2024\/02\/13-768x397.jpg 768w, https:\/\/regsteel.hu\/wp-content\/uploads\/2024\/02\/13-1536x794.jpg 1536w, https:\/\/regsteel.hu\/wp-content\/uploads\/2024\/02\/13.jpg 1593w\" sizes=\"auto, (max-width: 439px) 100vw, 439px\" \/><\/p>\n<p>&nbsp;<\/p>\n<p>&nbsp;<\/p>\n","protected":false},"excerpt":{"rendered":"<p>A gy\u00e1rt\u00e1si folyamat el\u0151k\u00e9sz\u00edt\u00e9se A REG-Steel szoftver f\u0151 feladata a v\u00e1gott, hajl\u00edtott betonac\u00e9l term\u00e9kek gy\u00e1rt\u00e1s\u00e1nak t\u00e1mogat\u00e1sa. R\u00f6gz\u00edthet\u0151k az Aj\u00e1nlatk\u00e9r\u00e9sek Megrendel\u00e9sek Munk\u00e1k Alapanyag k\u00e9szletmozg\u00e1sok K\u00e9szterm\u00e9k k\u00e9szlet mozg\u00e1sok Kontingensek k\u00f6z\u00f6tti \u00e1tmozgat\u00e1sok Sz\u00e1ll\u00edt\u00f3levelek A Megrendel\u00e9sek egyar\u00e1nt tartalmazhatnak gy\u00e1rtott \u00e9s nem gy\u00e1rtott (egy\u00e9b) t\u00e9teleket. Ut\u00f3bbiak azok a k\u00e9szterm\u00e9kek, melyeket a c\u00e9g tov\u00e1bb\u00e9rt\u00e9kes\u00edt, pl. betonac\u00e9l h\u00e1l\u00f3, k\u00f6t\u00f6z\u0151dr\u00f3t stb. &nbsp; &nbsp; A felvett t\u00e9telekr\u0151l gy\u00e1rt\u00e1sel\u0151k\u00e9sz\u00edt\u0151 lap nyomtathat\u00f3. Ezt a lapot lehet kiadni az \u00fczembe, ennek alapj\u00e1n kell elv\u00e9gezni a gy\u00e1rt\u00e1st. Ugyancsak itt nyomtathat\u00f3k ki a c\u00edmk\u00e9k,&hellip;<\/p>\n","protected":false},"author":1,"featured_media":3573,"parent":0,"menu_order":0,"comment_status":"closed","ping_status":"closed","template":"","meta":{"footnotes":""},"class_list":["post-3642","page","type-page","status-publish","has-post-thumbnail","hentry","post-has-thumbnail"],"_links":{"self":[{"href":"https:\/\/regsteel.hu\/index.php?rest_route=\/wp\/v2\/pages\/3642","targetHints":{"allow":["GET"]}}],"collection":[{"href":"https:\/\/regsteel.hu\/index.php?rest_route=\/wp\/v2\/pages"}],"about":[{"href":"https:\/\/regsteel.hu\/index.php?rest_route=\/wp\/v2\/types\/page"}],"author":[{"embeddable":true,"href":"https:\/\/regsteel.hu\/index.php?rest_route=\/wp\/v2\/users\/1"}],"replies":[{"embeddable":true,"href":"https:\/\/regsteel.hu\/index.php?rest_route=%2Fwp%2Fv2%2Fcomments&post=3642"}],"version-history":[{"count":10,"href":"https:\/\/regsteel.hu\/index.php?rest_route=\/wp\/v2\/pages\/3642\/revisions"}],"predecessor-version":[{"id":3692,"href":"https:\/\/regsteel.hu\/index.php?rest_route=\/wp\/v2\/pages\/3642\/revisions\/3692"}],"wp:featuredmedia":[{"embeddable":true,"href":"https:\/\/regsteel.hu\/index.php?rest_route=\/wp\/v2\/media\/3573"}],"wp:attachment":[{"href":"https:\/\/regsteel.hu\/index.php?rest_route=%2Fwp%2Fv2%2Fmedia&parent=3642"}],"curies":[{"name":"wp","href":"https:\/\/api.w.org\/{rel}","templated":true}]}}