{"id":3647,"date":"2024-01-24T09:35:32","date_gmt":"2024-01-24T09:35:32","guid":{"rendered":"https:\/\/regsteel.hu\/?page_id=3647"},"modified":"2024-02-13T07:45:26","modified_gmt":"2024-02-13T07:45:26","slug":"gyartaskovetes","status":"publish","type":"page","link":"https:\/\/regsteel.hu\/?page_id=3647","title":{"rendered":"Gy\u00e1rt\u00e1sk\u00f6vet\u00e9s"},"content":{"rendered":"<h2>Vonalk\u00f3dos gy\u00e1rt\u00e1sk\u00f6vet\u00e9s \u00e9s dolgoz\u00f3i teljes\u00edtm\u00e9nym\u00e9r\u00e9s<\/h2>\n<p>A modul vonalk\u00f3d olvas\u00e1st is t\u00e1mogat\u00f3 Android-os mobil eszk\u00f6z\u00f6n (ipari PDA, mobil telefon) \u00e9s desktop alkalmaz\u00e1sk\u00e9nt fut. A mobilok olvass\u00e1k le a vonalk\u00f3dot a term\u00e9kekr\u0151l, azonos\u00edtj\u00e1k a dolgoz\u00f3kat \u00e9s g\u00e9peket. Ezen adatok birtok\u00e1ban kimutathat\u00f3ak a teljes\u00edtm\u00e9ny adatok, illetve a gy\u00e1rt\u00e1si lapok k\u00e9sz\u00fclts\u00e9gi foka.<\/p>\n<p>A desktop modul alkalmas a teljes\u00edtm\u00e9ny adatok kimutat\u00e1s\u00e1ra, grafikus megjelen\u00edt\u00e9s\u00e9re \u00e9s export\u00e1l\u00e1s\u00e1ra k\u00fcl\u00f6nb\u00f6z\u0151 form\u00e1tumokba.<\/p>\n<p>A dolgoz\u00f3 a mobilon elind\u00edtja a megfelel\u0151 alkalmaz\u00e1st, majd bejelentkezik a saj\u00e1t k\u00f3dj\u00e1val, \u00edgy \u0151t m\u00e1r lehet azonos\u00edtani. Leolvassa a g\u00e9p vonalk\u00f3dj\u00e1t, ezzel azonos\u00edtjuk, melyik g\u00e9pen dolgozik (jelent le valamit). A termel\u00e9s sor\u00e1n, egy egys\u00e9gnyi term\u00e9k elk\u00e9sz\u00fcl\u00e9se ut\u00e1n leolvassa a kiadott c\u00edmk\u00e9t, \u00edgy tudjuk, hogy elk\u00e9sz\u00edtette \u00e9s azt is, hogy mikor.<\/p>\n<p>Ezen adatok alapj\u00e1n k\u00e9sz\u00fclnek a teljes\u00edtm\u00e9ny elemz\u00e9sek, dolgoz\u00f3ra, g\u00e9pre: l\u00e1that\u00f3 mikor, mi k\u00e9sz\u00fclt el.<\/p>\n<h3>A m\u0171k\u00f6d\u00e9si modell<\/h3>\n<p>Els\u0151k\u00e9nt ki kell nyomtatni a munkalapot, melyen m\u00e1r szerepel az azonos\u00edt\u00f3j\u00e1t tartalmaz\u00f3 vonalk\u00f3d. Ezt le kell olvasni, aminek hat\u00e1s\u00e1ra a rendszer a munkalap st\u00e1tusz\u00e1t \u201eKi\u00edrva, visszaigazolva\u201d \u00e1llapotra \u00e1ll\u00edtja be.<\/p>\n<p>Ezut\u00e1n a p\u00e9nz\u00fcgy ellen\u0151rzi a megrendel\u0151 param\u00e9tereit, \u00e9s ha megfelel\u0151nek \u2013 enged\u00e9lyezhet\u0151nek &#8211; tal\u00e1lja a munkalapot, leolvassa a vonalk\u00f3dj\u00e1t, aminek hat\u00e1s\u00e1ra a rendszer a munkalap st\u00e1tusz\u00e1t \u201eP\u00e9nz\u00fcgyileg rendben\u201d \u00e1llapotra \u00e1ll\u00edtja be.<\/p>\n<p>Ezt k\u00f6vet\u0151en a logisztik\u00e1ra ker\u00fcl a munkalap, ahol kijel\u00f6lik, melyik g\u00e9pkocsira kell elv\u00e9gezni a rakod\u00e1st. A munkalap vonalk\u00f3dj\u00e1t le kell olvasni, minek hat\u00e1s\u00e1ra a rendszer a munkalap st\u00e1tusz\u00e1t \u201eLogisztika rendben\u201d \u00e1llapotra \u00e1ll\u00edtja be.<\/p>\n<p>Ekkor ker\u00fcl a munkalap az \u00fczem ter\u00fclet\u00e9re, ahol a gy\u00e1rt\u00e1s megkezd\u00e9sekor ism\u00e9t le kell olvasni a vonalk\u00f3dot. Ekkor a rendszer a munkalap st\u00e1tusz\u00e1t \u201eGy\u00e1rt\u00e1s megkezdve\u201d \u00e1llapotra \u00e1ll\u00edtja be.<\/p>\n<p>A gy\u00e1rt\u00e1s sor\u00e1n a dolgoz\u00f3 az elk\u00e9sz\u00fclt t\u00e9telek c\u00edmk\u00e9it \u2013 melyek szint\u00e9n egyedi azonos\u00edt\u00f3j\u00fa c\u00edmk\u00e9vel rendelkeznek elk\u00e9sz\u00fcl\u00e9s\u00fckkor azonnal leolvassa. Ekkor a t\u00e9tel st\u00e1tusza \u201eLegy\u00e1rtva\u201d \u00e1llapot\u00fara v\u00e1lt.<\/p>\n<p>A munkalapok alapj\u00e1n rakod\u00e1si jegy k\u00e9sz\u00fcl, melyet \u00e1t kell adni a rakod\u00e1st v\u00e9gz\u0151 munkat\u00e1rsnak. A rakod\u00e1s megkezd\u00e9sekor a mobileszk\u00f6z\u00f6n kiv\u00e1lasztja melyik rakod\u00e1si jegyz\u00e9ket kezdi rakodni. Ekkor a rakod\u00e1si jegyz\u00e9khez kapcsolt munkalap st\u00e1tusza \u201eRakod\u00e1s alatt\u201d-ra v\u00e1ltozik.<\/p>\n<p>A rakod\u00e1s befejezt\u00e9vel \u201eFelrakva\u201d st\u00e1tuszt kap a munkalap.<\/p>\n<h3>A m\u0171k\u00f6d\u00e9si modell \u00e1talak\u00edt\u00e1sa<\/h3>\n<p>Term\u00e9szetesen a fenti modellt partnereink ig\u00e9nyei alapj\u00e1n \u00e1t tudjuk alak\u00edtani, testre tudjuk szabni.<\/p>\n<h2>G\u00e9pteljes\u00edtm\u00e9ny m\u00e9r\u00e9s<\/h2>\n<p>B\u00e1r az \u00fajabb g\u00e9pek rendelkeznek saj\u00e1t programmal \u00e9s interf\u00e9sszel adataik el\u00e9r\u00e9s\u00e9hez, ez t\u00f6bb esetben nem elegend\u0151 a napi g\u00e9pteljes\u00edtm\u00e9ny m\u00e9r\u00e9s\u00e9hez &#8211; m\u0171k\u00f6d\u00e9si \u00e9s \u00e1ll\u00e1sid\u0151 elemz\u00e9se &#8211; illetve a r\u00e9gebbi eszk\u00f6z\u00f6k nem rendelkeznek ezzel a szolg\u00e1ltat\u00e1ssal.<\/p>\n<p>Ennek kiv\u00e1lt\u00e1s\u00e1ra k\u00e9sz\u00edtett\u00fck el saj\u00e1t fejleszt\u00e9s\u0171 &#8211; \u00e1ramm\u00e9r\u00e9sen alap\u00fal\u00f3 g\u00e9pteljes\u00edtm\u00e9ny m\u00e9r\u0151 szoftver\u00fcnket, melyet integr\u00e1lni tudunk MES rendszereinkkel. M\u0171k\u00f6d\u00e9si elv\u00fck: m\u00e9rj\u00fck a berendez\u00e9sek \u00e1ltal felvett \u00e1ramot, majd ennek ismeret\u00e9ben hat\u00e1rozzuk meg az akt\u00edv id\u0151szakot.<\/p>\n<p>Az egys\u00e9gek az al\u00e1bbi param\u00e9terekkel ker\u00fclnek kialak\u00edt\u00e1sra:<\/p>\n<ul>\n<li>M\u00e9r\u00e9si tartom\u00e1ny : 400V 3 x 150 A.<\/li>\n<li>Folyamatos m\u00e9r\u00e9s (param\u00e9terezhet\u0151 intervallummal), k\u00e9t kiolvas\u00e1s k\u00f6z\u00f6tti \u00e1tlagol\u00e1ssal.<\/li>\n<li>T\u00e1pell\u00e1t\u00e1s 24V AC \/ 500mA<\/li>\n<li>Kommunik\u00e1ci\u00f3 : WiFi, UART over LAN (9600,8,N,1), Fix IP.<\/li>\n<li>Az egys\u00e9g az adatokat az adatgy\u0171jt\u0151 program fel\u00e9 tov\u00e1bb\u00edtja.<\/li>\n<li>Be\u00e1ll\u00edthat\u00f3 a napi kezd\u0151 \u00e9s a z\u00e1r\u00f3 id\u0151pont, amikor a lek\u00e9rdez\u00e9seket v\u00e9gezze a program.<\/li>\n<li>Az intervallum percben megadhat\u00f3, milyen gyakoris\u00e1ggal k\u00e9rdezze le a k\u00edv\u00e1nt \u00e9rt\u00e9keket. (1-15 perc k\u00f6z\u00f6tti \u00e9rt\u00e9k v\u00e1laszthat\u00f3)<\/li>\n<\/ul>\n<p>A program az \u00e1ramm\u00e9r\u00e9s eredm\u00e9nyeinek \u00e9s a dolgoz\u00f3i bejelentkez\u00e9sek adatainak felhaszn\u00e1l\u00e1s\u00e1val k\u00e9sz\u00edt kimutat\u00e1sokat a dolgoz\u00f3i \u00e9s g\u00e9p teljes\u00edtm\u00e9nyekr\u0151l. \u00d6n\u00e1ll\u00f3an fut\u00f3 alkalmaz\u00e1s, mely az al\u00e1bbi szolg\u00e1ltat\u00e1sokat biztos\u00edtja:<\/p>\n<ul>\n<li>D\u00e1tum intervallumra \u00e9s\/vagy g\u00e9pre sz\u0171rve az \u00e1ramfelv\u00e9teli adatokat (g\u00f6rb\u00e9t).<\/li>\n<li>Az adatok export\u00e1l\u00e1s\u00e1t excel form\u00e1tumba.<\/li>\n<li>Az adatok grafikus megjelen\u00edt\u00e9s\u00e9t.<\/li>\n<\/ul>\n<p>Lek\u00e9rhet\u0151:<\/p>\n<ul>\n<li>a teljes\u00edtm\u00e9ny diagram<\/li>\n<li>az \u00e1tlagos \u00e1ramfelv\u00e9tel<\/li>\n<li>a g\u00e9pek egyenk\u00e9nti \u00e1ramfelv\u00e9tele<\/li>\n<li>napi, nappali, \u00e9jszakai, extra g\u00e9pid\u0151 kimutat\u00e1sok<\/li>\n<li>g\u00e9pkezel\u0151i teljes\u00edtm\u00e9nyek<\/li>\n<\/ul>\n<p><img loading=\"lazy\" decoding=\"async\" class=\"aligncenter wp-image-3695\" src=\"https:\/\/regsteel.hu\/wp-content\/uploads\/2024\/02\/a4-300x165.png\" alt=\"\" width=\"560\" height=\"308\" srcset=\"https:\/\/regsteel.hu\/wp-content\/uploads\/2024\/02\/a4-300x165.png 300w, https:\/\/regsteel.hu\/wp-content\/uploads\/2024\/02\/a4.png 481w\" sizes=\"auto, (max-width: 560px) 100vw, 560px\" \/><\/p>\n<p>&nbsp;<\/p>\n<p><img loading=\"lazy\" decoding=\"async\" class=\"aligncenter wp-image-3699\" src=\"https:\/\/regsteel.hu\/wp-content\/uploads\/2024\/02\/17-300x165.jpg\" alt=\"\" width=\"562\" height=\"309\" srcset=\"https:\/\/regsteel.hu\/wp-content\/uploads\/2024\/02\/17-300x165.jpg 300w, https:\/\/regsteel.hu\/wp-content\/uploads\/2024\/02\/17-1024x564.jpg 1024w, https:\/\/regsteel.hu\/wp-content\/uploads\/2024\/02\/17-768x423.jpg 768w, https:\/\/regsteel.hu\/wp-content\/uploads\/2024\/02\/17.jpg 1102w\" sizes=\"auto, (max-width: 562px) 100vw, 562px\" \/><\/p>\n<p>&nbsp;<\/p>\n<p><img loading=\"lazy\" decoding=\"async\" class=\"aligncenter wp-image-3697\" src=\"https:\/\/regsteel.hu\/wp-content\/uploads\/2024\/02\/a7-300x165.png\" alt=\"\" width=\"551\" height=\"303\" srcset=\"https:\/\/regsteel.hu\/wp-content\/uploads\/2024\/02\/a7-300x165.png 300w, https:\/\/regsteel.hu\/wp-content\/uploads\/2024\/02\/a7.png 481w\" sizes=\"auto, (max-width: 551px) 100vw, 551px\" \/><\/p>\n","protected":false},"excerpt":{"rendered":"<p>Vonalk\u00f3dos gy\u00e1rt\u00e1sk\u00f6vet\u00e9s \u00e9s dolgoz\u00f3i teljes\u00edtm\u00e9nym\u00e9r\u00e9s A modul vonalk\u00f3d olvas\u00e1st is t\u00e1mogat\u00f3 Android-os mobil eszk\u00f6z\u00f6n (ipari PDA, mobil telefon) \u00e9s desktop alkalmaz\u00e1sk\u00e9nt fut. A mobilok olvass\u00e1k le a vonalk\u00f3dot a term\u00e9kekr\u0151l, azonos\u00edtj\u00e1k a dolgoz\u00f3kat \u00e9s g\u00e9peket. Ezen adatok birtok\u00e1ban kimutathat\u00f3ak a teljes\u00edtm\u00e9ny adatok, illetve a gy\u00e1rt\u00e1si lapok k\u00e9sz\u00fclts\u00e9gi foka. A desktop modul alkalmas a teljes\u00edtm\u00e9ny adatok kimutat\u00e1s\u00e1ra, grafikus megjelen\u00edt\u00e9s\u00e9re \u00e9s export\u00e1l\u00e1s\u00e1ra k\u00fcl\u00f6nb\u00f6z\u0151 form\u00e1tumokba. A dolgoz\u00f3 a mobilon elind\u00edtja a megfelel\u0151 alkalmaz\u00e1st, majd bejelentkezik a saj\u00e1t k\u00f3dj\u00e1val, \u00edgy \u0151t m\u00e1r lehet azonos\u00edtani.&hellip;<\/p>\n","protected":false},"author":1,"featured_media":3573,"parent":0,"menu_order":0,"comment_status":"closed","ping_status":"closed","template":"","meta":{"footnotes":""},"class_list":["post-3647","page","type-page","status-publish","has-post-thumbnail","hentry","post-has-thumbnail"],"_links":{"self":[{"href":"https:\/\/regsteel.hu\/index.php?rest_route=\/wp\/v2\/pages\/3647","targetHints":{"allow":["GET"]}}],"collection":[{"href":"https:\/\/regsteel.hu\/index.php?rest_route=\/wp\/v2\/pages"}],"about":[{"href":"https:\/\/regsteel.hu\/index.php?rest_route=\/wp\/v2\/types\/page"}],"author":[{"embeddable":true,"href":"https:\/\/regsteel.hu\/index.php?rest_route=\/wp\/v2\/users\/1"}],"replies":[{"embeddable":true,"href":"https:\/\/regsteel.hu\/index.php?rest_route=%2Fwp%2Fv2%2Fcomments&post=3647"}],"version-history":[{"count":4,"href":"https:\/\/regsteel.hu\/index.php?rest_route=\/wp\/v2\/pages\/3647\/revisions"}],"predecessor-version":[{"id":3701,"href":"https:\/\/regsteel.hu\/index.php?rest_route=\/wp\/v2\/pages\/3647\/revisions\/3701"}],"wp:featuredmedia":[{"embeddable":true,"href":"https:\/\/regsteel.hu\/index.php?rest_route=\/wp\/v2\/media\/3573"}],"wp:attachment":[{"href":"https:\/\/regsteel.hu\/index.php?rest_route=%2Fwp%2Fv2%2Fmedia&parent=3647"}],"curies":[{"name":"wp","href":"https:\/\/api.w.org\/{rel}","templated":true}]}}