{"id":3649,"date":"2024-01-24T09:36:05","date_gmt":"2024-01-24T09:36:05","guid":{"rendered":"https:\/\/regsteel.hu\/?page_id=3649"},"modified":"2024-02-13T07:10:40","modified_gmt":"2024-02-13T07:10:40","slug":"szallitas","status":"publish","type":"page","link":"https:\/\/regsteel.hu\/?page_id=3649","title":{"rendered":"Kisz\u00e1ll\u00edt\u00e1s"},"content":{"rendered":"<h2>Sz\u00e1ll\u00edt\u00f3lev\u00e9l \u00e9s teljes\u00edt\u00e9s igazol\u00e1s<\/h2>\n<p>A rendszer a megrendel\u00e9sek &#8211; gy\u00e1rt\u00e1sel\u0151k\u00e9sz\u00edt\u0151 lapok &#8211; alapj\u00e1n automatikusan k\u00e9pes elk\u00e9sz\u00edteni a sz\u00e1ll\u00edt\u00f3leveleket. A megfelel\u0151 funkci\u00f3 kiv\u00e1laszt\u00e1sa ut\u00e1n a szoftver megjelen\u00edti a megrendel\u00e9ssz\u00e1mokat, melyb\u0151l, ak\u00e1r t\u00f6bbet kijel\u00f6lve meghat\u00e1rozhat\u00f3, melyek t\u00e9teleib\u0151l k\u00e9sz\u00fclj\u00f6n sz\u00e1ll\u00edt\u00f3lev\u00e9l.<\/p>\n<p><img loading=\"lazy\" decoding=\"async\" class=\"aligncenter wp-image-3686\" src=\"https:\/\/regsteel.hu\/wp-content\/uploads\/2024\/02\/15-300x170.jpg\" alt=\"\" width=\"599\" height=\"339\" srcset=\"https:\/\/regsteel.hu\/wp-content\/uploads\/2024\/02\/15-300x170.jpg 300w, https:\/\/regsteel.hu\/wp-content\/uploads\/2024\/02\/15-1024x580.jpg 1024w, https:\/\/regsteel.hu\/wp-content\/uploads\/2024\/02\/15-768x435.jpg 768w, https:\/\/regsteel.hu\/wp-content\/uploads\/2024\/02\/15-1536x870.jpg 1536w, https:\/\/regsteel.hu\/wp-content\/uploads\/2024\/02\/15.jpg 1714w\" sizes=\"auto, (max-width: 599px) 100vw, 599px\" \/><\/p>\n<p>Az elk\u00e9sz\u00fclt sz\u00e1ll\u00edt\u00f3lev\u00e9l adatait tov\u00e1bb szerkeszthet\u0151k, \u00edgy fel lehet venni r\u00e1 term\u00e9keket, vagy le lehet venni a sz\u00e1ll\u00edt\u00f3r\u00f3l azokat, melyek m\u00e9gsem ker\u00fclnek kisz\u00e1ll\u00edt\u00e1sra.<\/p>\n<p><img loading=\"lazy\" decoding=\"async\" class=\"aligncenter wp-image-3685\" src=\"https:\/\/regsteel.hu\/wp-content\/uploads\/2024\/02\/14-300x86.jpg\" alt=\"\" width=\"719\" height=\"206\" srcset=\"https:\/\/regsteel.hu\/wp-content\/uploads\/2024\/02\/14-300x86.jpg 300w, https:\/\/regsteel.hu\/wp-content\/uploads\/2024\/02\/14-1024x292.jpg 1024w, https:\/\/regsteel.hu\/wp-content\/uploads\/2024\/02\/14-768x219.jpg 768w, https:\/\/regsteel.hu\/wp-content\/uploads\/2024\/02\/14-1536x439.jpg 1536w, https:\/\/regsteel.hu\/wp-content\/uploads\/2024\/02\/14-2048x585.jpg 2048w\" sizes=\"auto, (max-width: 719px) 100vw, 719px\" \/><\/p>\n<p><img loading=\"lazy\" decoding=\"async\" class=\"aligncenter wp-image-3687\" src=\"https:\/\/regsteel.hu\/wp-content\/uploads\/2024\/02\/16-300x44.jpg\" alt=\"\" width=\"703\" height=\"103\" srcset=\"https:\/\/regsteel.hu\/wp-content\/uploads\/2024\/02\/16-300x44.jpg 300w, https:\/\/regsteel.hu\/wp-content\/uploads\/2024\/02\/16-1024x149.jpg 1024w, https:\/\/regsteel.hu\/wp-content\/uploads\/2024\/02\/16-768x112.jpg 768w, https:\/\/regsteel.hu\/wp-content\/uploads\/2024\/02\/16-1536x223.jpg 1536w, https:\/\/regsteel.hu\/wp-content\/uploads\/2024\/02\/16.jpg 1953w\" sizes=\"auto, (max-width: 703px) 100vw, 703px\" \/><\/p>\n<p>A sz\u00e1ll\u00edt\u00f3lev\u00e9l nyomtathat\u00f3, melynek form\u00e1tum\u00e1t a megrendel\u0151 ig\u00e9nyei szerint testre szabjuk.<\/p>\n<p><img loading=\"lazy\" decoding=\"async\" class=\"aligncenter wp-image-3680\" src=\"https:\/\/regsteel.hu\/wp-content\/uploads\/2024\/02\/a1-300x297.png\" alt=\"\" width=\"491\" height=\"486\" srcset=\"https:\/\/regsteel.hu\/wp-content\/uploads\/2024\/02\/a1-300x297.png 300w, https:\/\/regsteel.hu\/wp-content\/uploads\/2024\/02\/a1.png 339w\" sizes=\"auto, (max-width: 491px) 100vw, 491px\" \/><\/p>\n<p>A teljes\u00edt\u00e9s igazol\u00e1sokat a sz\u00e1ll\u00edt\u00f3levelekb\u0151l lehet elk\u00e9sz\u00edteni egy l\u00e9p\u00e9sben. A kijel\u00f6lt sz\u00e1ll\u00edt\u00f3k adatait a rendszer \u00f6sszegzi \u00e9s el\u0151\u00e1ll\u00edtja a teljes\u00edt\u00e9s igazol\u00e1st, mely megk\u00fcldhet\u0151 a megrendel\u0151nek.<\/p>\n<p><img loading=\"lazy\" decoding=\"async\" class=\"aligncenter wp-image-3681\" src=\"https:\/\/regsteel.hu\/wp-content\/uploads\/2024\/02\/a2-300x178.png\" alt=\"\" width=\"530\" height=\"314\" srcset=\"https:\/\/regsteel.hu\/wp-content\/uploads\/2024\/02\/a2-300x178.png 300w, https:\/\/regsteel.hu\/wp-content\/uploads\/2024\/02\/a2.png 488w\" sizes=\"auto, (max-width: 530px) 100vw, 530px\" \/><\/p>\n<h2>EKAER sz\u00e1m k\u00e9r\u00e9se<\/h2>\n<p>Ha EKAER sz\u00e1mot szeretn\u00e9nk k\u00e9rni a sz\u00e1ll\u00edt\u00e1shoz meg kell adni az EKAER adatokat. Ezek egy r\u00e9sz\u00e9t a szoftver \u00e1tveszi a partner t\u00f6rzsadataib\u00f3l (c\u00edm adatok), a tov\u00e1bbiak megad\u00e1sa manu\u00e1lisan t\u00f6rt\u00e9nik.<\/p>\n<p>Az EKAER sz\u00e1m k\u00e9r\u00e9s\u00e9nek el\u0151felt\u00e9telei:<\/p>\n<ul>\n<li>a be\u00e1ll\u00edt\u00e1sok modulban a sz\u00fcks\u00e9ges param\u00e9terek, azonos\u00edt\u00f3k megad\u00e1sa,<\/li>\n<li>a partner adatai k\u00f6z\u00f6tt az EKAER szabv\u00e1ny szerinti c\u00edmadatok kit\u00f6lt\u00e9se,<\/li>\n<li>a sz\u00e1ll\u00edt\u00f3lev\u00e9l fejl\u00e9c\u00e9ben az EKAER adatok kit\u00f6lt\u00e9se.<\/li>\n<\/ul>\n<p>Ha valamennyi adat ki van t\u00f6ltve, a szoftver megh\u00edvja a NAV webszolg\u00e1ltat\u00e1s\u00e1t \u00e9s \u00e1tadva a param\u00e9tereket lek\u00e9rdezi a kapott EKAER sz\u00e1mot, amit megjelen\u00edt a sz\u00e1ll\u00edt\u00f3lev\u00e9l adatai k\u00f6z\u00f6tt.<\/p>\n<h2>Sz\u00e1ll\u00edt\u00f3lev\u00e9l mell\u00e9klet nyomtat\u00e1sa &#8211; alakrajzzal is<\/h2>\n<p>A sz\u00e1ll\u00edt\u00f3lev\u00e9lhez alakrajzokat is tartalmaz\u00f3 mell\u00e9klet nyomtathat\u00f3. A szoftver megjelen\u00edti a mell\u00e9klet k\u00e9p\u00e9t az el\u0151n\u00e9zeti ablakban, ha az megfelel\u0151, kinyomtathat\u00f3.<\/p>\n<h2>Vonalk\u00f3dos mobil applik\u00e1ci\u00f3<\/h2>\n<p>Rendszer\u00fcnk \u00f6sszekapcsolhat\u00f3 vonalk\u00f3dos mobil applik\u00e1ci\u00f3nkkal. Az app minden Android eszk\u00f6z\u00f6n futtathat\u00f3, ami lehet egy ipari adatgy\u0171jt\u0151, vagy egy Android alap\u00fa mobil telefon.<\/p>\n<p>Az alkalmaz\u00e1ssal leolvashat\u00f3k az egys\u00e9gcsomagok, term\u00e9kek c\u00edmk\u00e9in tal\u00e1lhat\u00f3 vonalk\u00f3dok, melyekkel a rendszer ellen\u0151rzi, hogy a t\u00e9tel szerepel-e a sz\u00e1ll\u00edt\u00f3lev\u00e9len. Amennyiben nem, err\u0151l \u00fczenetet k\u00fcld a felhaszn\u00e1l\u00f3nak, ahogyan arr\u00f3l is, ha nem ker\u00fclt felrakod\u00e1sra a teljes mennyis\u00e9g egy term\u00e9kb\u0151l.<\/p>\n<p>&nbsp;<\/p>\n<p>&nbsp;<\/p>\n<p>&nbsp;<\/p>\n","protected":false},"excerpt":{"rendered":"<p>Sz\u00e1ll\u00edt\u00f3lev\u00e9l \u00e9s teljes\u00edt\u00e9s igazol\u00e1s A rendszer a megrendel\u00e9sek &#8211; gy\u00e1rt\u00e1sel\u0151k\u00e9sz\u00edt\u0151 lapok &#8211; alapj\u00e1n automatikusan k\u00e9pes elk\u00e9sz\u00edteni a sz\u00e1ll\u00edt\u00f3leveleket. A megfelel\u0151 funkci\u00f3 kiv\u00e1laszt\u00e1sa ut\u00e1n a szoftver megjelen\u00edti a megrendel\u00e9ssz\u00e1mokat, melyb\u0151l, ak\u00e1r t\u00f6bbet kijel\u00f6lve meghat\u00e1rozhat\u00f3, melyek t\u00e9teleib\u0151l k\u00e9sz\u00fclj\u00f6n sz\u00e1ll\u00edt\u00f3lev\u00e9l. Az elk\u00e9sz\u00fclt sz\u00e1ll\u00edt\u00f3lev\u00e9l adatait tov\u00e1bb szerkeszthet\u0151k, \u00edgy fel lehet venni r\u00e1 term\u00e9keket, vagy le lehet venni a sz\u00e1ll\u00edt\u00f3r\u00f3l azokat, melyek m\u00e9gsem ker\u00fclnek kisz\u00e1ll\u00edt\u00e1sra. A sz\u00e1ll\u00edt\u00f3lev\u00e9l nyomtathat\u00f3, melynek form\u00e1tum\u00e1t a megrendel\u0151 ig\u00e9nyei szerint testre szabjuk. A teljes\u00edt\u00e9s igazol\u00e1sokat a sz\u00e1ll\u00edt\u00f3levelekb\u0151l lehet elk\u00e9sz\u00edteni egy l\u00e9p\u00e9sben.&hellip;<\/p>\n","protected":false},"author":1,"featured_media":3573,"parent":0,"menu_order":0,"comment_status":"closed","ping_status":"closed","template":"","meta":{"footnotes":""},"class_list":["post-3649","page","type-page","status-publish","has-post-thumbnail","hentry","post-has-thumbnail"],"_links":{"self":[{"href":"https:\/\/regsteel.hu\/index.php?rest_route=\/wp\/v2\/pages\/3649","targetHints":{"allow":["GET"]}}],"collection":[{"href":"https:\/\/regsteel.hu\/index.php?rest_route=\/wp\/v2\/pages"}],"about":[{"href":"https:\/\/regsteel.hu\/index.php?rest_route=\/wp\/v2\/types\/page"}],"author":[{"embeddable":true,"href":"https:\/\/regsteel.hu\/index.php?rest_route=\/wp\/v2\/users\/1"}],"replies":[{"embeddable":true,"href":"https:\/\/regsteel.hu\/index.php?rest_route=%2Fwp%2Fv2%2Fcomments&post=3649"}],"version-history":[{"count":7,"href":"https:\/\/regsteel.hu\/index.php?rest_route=\/wp\/v2\/pages\/3649\/revisions"}],"predecessor-version":[{"id":3690,"href":"https:\/\/regsteel.hu\/index.php?rest_route=\/wp\/v2\/pages\/3649\/revisions\/3690"}],"wp:featuredmedia":[{"embeddable":true,"href":"https:\/\/regsteel.hu\/index.php?rest_route=\/wp\/v2\/media\/3573"}],"wp:attachment":[{"href":"https:\/\/regsteel.hu\/index.php?rest_route=%2Fwp%2Fv2%2Fmedia&parent=3649"}],"curies":[{"name":"wp","href":"https:\/\/api.w.org\/{rel}","templated":true}]}}