{"id":3651,"date":"2024-01-24T09:36:30","date_gmt":"2024-01-24T09:36:30","guid":{"rendered":"https:\/\/regsteel.hu\/?page_id=3651"},"modified":"2024-02-13T08:10:25","modified_gmt":"2024-02-13T08:10:25","slug":"kimutatasok","status":"publish","type":"page","link":"https:\/\/regsteel.hu\/?page_id=3651","title":{"rendered":"Kimutat\u00e1sok"},"content":{"rendered":"<h2>List\u00e1k<\/h2>\n<p>A REG-Steel rendszer sz\u00e1mos be\u00e9p\u00edtett, el\u0151re defini\u00e1lt list\u00e1val rendelkezik. Ezek \u00f6n\u00e1ll\u00f3 modulban \u00e9rhet\u0151k el, melyben lehet\u0151s\u00e9g ny\u00edlik tov\u00e1bbi list\u00e1k felv\u00e9tel\u00e9re. Ezeket vagy a felhaszn\u00e1l\u00f3 hozza l\u00e9tre az end-user-reporting eszk\u00f6z\u00fcnkkel, vagy c\u00e9g\u00fcnk k\u00e9sz\u00edti el egyedi ig\u00e9nyek szerint, ak\u00e1r a k\u00e9s\u0151bbi t\u00e1mogat\u00e1si id\u0151szak alatt is.<\/p>\n<p><img loading=\"lazy\" decoding=\"async\" class=\"aligncenter wp-image-3703\" src=\"https:\/\/regsteel.hu\/wp-content\/uploads\/2024\/02\/18-300x210.jpg\" alt=\"\" width=\"516\" height=\"361\" srcset=\"https:\/\/regsteel.hu\/wp-content\/uploads\/2024\/02\/18-300x210.jpg 300w, https:\/\/regsteel.hu\/wp-content\/uploads\/2024\/02\/18-768x537.jpg 768w, https:\/\/regsteel.hu\/wp-content\/uploads\/2024\/02\/18.jpg 841w\" sizes=\"auto, (max-width: 516px) 100vw, 516px\" \/><\/p>\n<p>A list\u00e1k megjelen\u00edt\u00e9s\u00e9nek els\u0151dleges outputja a k\u00e9perny\u0151, onnan kezdem\u00e9nyezhet\u0151 nyomtat\u00e1suk. A nyomtat\u00e1son k\u00edv\u00fcl a megjelen\u00edt\u0151 t\u00e1mogatja a keres\u00e9s, export\u00e1l\u00e1s, nagy\u00edt\u00e1s\/kicsiny\u00edt\u00e9s szolg\u00e1ltat\u00e1sokat is.<\/p>\n<p><img loading=\"lazy\" decoding=\"async\" class=\"size-medium wp-image-3704 alignleft\" src=\"https:\/\/regsteel.hu\/wp-content\/uploads\/2024\/02\/19-300x232.jpg\" alt=\"\" width=\"300\" height=\"232\" srcset=\"https:\/\/regsteel.hu\/wp-content\/uploads\/2024\/02\/19-300x232.jpg 300w, https:\/\/regsteel.hu\/wp-content\/uploads\/2024\/02\/19-768x595.jpg 768w, https:\/\/regsteel.hu\/wp-content\/uploads\/2024\/02\/19.jpg 843w\" sizes=\"auto, (max-width: 300px) 100vw, 300px\" \/> A list\u00e1k gener\u00e1l\u00e1s\u00e1ra \u00e9s megjelen\u00edt\u00e9s\u00e9re az SAP Crystal Reports eszk\u00f6z\u00e9t haszn\u00e1ljuk.<\/p>\n<p>Ez lehet\u0151v\u00e9 teszi, hogy a rendszert integr\u00e1ljuk az SAP adatokkal \u00e9s azokat egy n\u00e9zetben mutassuk meg a felhaszn\u00e1l\u00f3nak.<\/p>\n<p>&nbsp;<\/p>\n<p>&nbsp;<\/p>\n<p>&nbsp;<\/p>\n<h2>Egyedi grafikus kimutat\u00e1sok, diagramok, dashboard, vezet\u0151i inform\u00e1ci\u00f3s rendszer<\/h2>\n<p>Rendszer\u00fcnk tartalmaz be\u00e9p\u00edtett grafikus kimutat\u00e1sokat, melyeket a Devexpress eszk\u00f6zeivel k\u00e9sz\u00edt\u00fcnk el. A megl\u00e9v\u0151ek mell\u00e9 elk\u00e9sz\u00edtj\u00fck a megrendel\u0151 ig\u00e9nyei szerint \u00f6ssze\u00e1ll\u00edtott kimutat\u00e1sokat is, ezzel biztos\u00edtva, hogy rendszer\u00fcnk maxim\u00e1lisan igazodjon a megrendel\u0151i elv\u00e1r\u00e1sokhoz, folyamatokhoz.<\/p>\n<p><img loading=\"lazy\" decoding=\"async\" class=\"wp-image-3706 alignleft\" src=\"https:\/\/regsteel.hu\/wp-content\/uploads\/2024\/02\/20-300x256.jpg\" alt=\"\" width=\"391\" height=\"333\" srcset=\"https:\/\/regsteel.hu\/wp-content\/uploads\/2024\/02\/20-300x256.jpg 300w, https:\/\/regsteel.hu\/wp-content\/uploads\/2024\/02\/20-1024x875.jpg 1024w, https:\/\/regsteel.hu\/wp-content\/uploads\/2024\/02\/20-768x656.jpg 768w, https:\/\/regsteel.hu\/wp-content\/uploads\/2024\/02\/20.jpg 1348w\" sizes=\"auto, (max-width: 391px) 100vw, 391px\" \/><img loading=\"lazy\" decoding=\"async\" class=\" wp-image-3707 alignright\" src=\"https:\/\/regsteel.hu\/wp-content\/uploads\/2024\/02\/21-150x300.jpg\" alt=\"\" width=\"181\" height=\"362\" srcset=\"https:\/\/regsteel.hu\/wp-content\/uploads\/2024\/02\/21-150x300.jpg 150w, https:\/\/regsteel.hu\/wp-content\/uploads\/2024\/02\/21-511x1024.jpg 511w, https:\/\/regsteel.hu\/wp-content\/uploads\/2024\/02\/21.jpg 615w\" sizes=\"auto, (max-width: 181px) 100vw, 181px\" \/><\/p>\n<p>&nbsp;<\/p>\n<p>&nbsp;<\/p>\n<p>&nbsp;<\/p>\n<p>&nbsp;<\/p>\n<p>&nbsp;<\/p>\n<p>&nbsp;<\/p>\n<p>&nbsp;<\/p>\n<p><img loading=\"lazy\" decoding=\"async\" class=\"aligncenter wp-image-3711\" src=\"https:\/\/regsteel.hu\/wp-content\/uploads\/2024\/02\/23-300x143.jpg\" alt=\"\" width=\"600\" height=\"286\" srcset=\"https:\/\/regsteel.hu\/wp-content\/uploads\/2024\/02\/23-300x143.jpg 300w, https:\/\/regsteel.hu\/wp-content\/uploads\/2024\/02\/23-1024x489.jpg 1024w, https:\/\/regsteel.hu\/wp-content\/uploads\/2024\/02\/23-768x367.jpg 768w, https:\/\/regsteel.hu\/wp-content\/uploads\/2024\/02\/23-1536x734.jpg 1536w, https:\/\/regsteel.hu\/wp-content\/uploads\/2024\/02\/23-2048x979.jpg 2048w\" sizes=\"auto, (max-width: 600px) 100vw, 600px\" \/><\/p>\n<h2>End-User-Reporting modul<\/h2>\n<p>Rendszer\u00fcnkh\u00f6z integr\u00e1lni tudjuk End-User-Reporting modulunkat, mellyel a felhazsn\u00e1l\u00f3 saj\u00e1t reportokat k\u00e9sz\u00edthet. Ezeket fel lehet venni a REG-Steel report modulj\u00e1ba, majd a tov\u00e1bbiakban onnan el\u00e9rhetik &#8211; jogosults\u00e1ggal szab\u00e1lyozottan &#8211; a felhaszn\u00e1l\u00f3k.<\/p>\n<p><img loading=\"lazy\" decoding=\"async\" class=\"aligncenter wp-image-3709\" src=\"https:\/\/regsteel.hu\/wp-content\/uploads\/2024\/02\/22-300x113.jpg\" alt=\"\" width=\"632\" height=\"238\" srcset=\"https:\/\/regsteel.hu\/wp-content\/uploads\/2024\/02\/22-300x113.jpg 300w, https:\/\/regsteel.hu\/wp-content\/uploads\/2024\/02\/22-1024x384.jpg 1024w, https:\/\/regsteel.hu\/wp-content\/uploads\/2024\/02\/22-768x288.jpg 768w, https:\/\/regsteel.hu\/wp-content\/uploads\/2024\/02\/22-1536x576.jpg 1536w, https:\/\/regsteel.hu\/wp-content\/uploads\/2024\/02\/22-2048x768.jpg 2048w\" sizes=\"auto, (max-width: 632px) 100vw, 632px\" \/><\/p>\n","protected":false},"excerpt":{"rendered":"<p>List\u00e1k A REG-Steel rendszer sz\u00e1mos be\u00e9p\u00edtett, el\u0151re defini\u00e1lt list\u00e1val rendelkezik. Ezek \u00f6n\u00e1ll\u00f3 modulban \u00e9rhet\u0151k el, melyben lehet\u0151s\u00e9g ny\u00edlik tov\u00e1bbi list\u00e1k felv\u00e9tel\u00e9re. Ezeket vagy a felhaszn\u00e1l\u00f3 hozza l\u00e9tre az end-user-reporting eszk\u00f6z\u00fcnkkel, vagy c\u00e9g\u00fcnk k\u00e9sz\u00edti el egyedi ig\u00e9nyek szerint, ak\u00e1r a k\u00e9s\u0151bbi t\u00e1mogat\u00e1si id\u0151szak alatt is. A list\u00e1k megjelen\u00edt\u00e9s\u00e9nek els\u0151dleges outputja a k\u00e9perny\u0151, onnan kezdem\u00e9nyezhet\u0151 nyomtat\u00e1suk. A nyomtat\u00e1son k\u00edv\u00fcl a megjelen\u00edt\u0151 t\u00e1mogatja a keres\u00e9s, export\u00e1l\u00e1s, nagy\u00edt\u00e1s\/kicsiny\u00edt\u00e9s szolg\u00e1ltat\u00e1sokat is. A list\u00e1k gener\u00e1l\u00e1s\u00e1ra \u00e9s megjelen\u00edt\u00e9s\u00e9re az SAP Crystal Reports eszk\u00f6z\u00e9t haszn\u00e1ljuk. Ez lehet\u0151v\u00e9 teszi,&hellip;<\/p>\n","protected":false},"author":1,"featured_media":3573,"parent":0,"menu_order":0,"comment_status":"closed","ping_status":"closed","template":"","meta":{"footnotes":""},"class_list":["post-3651","page","type-page","status-publish","has-post-thumbnail","hentry","post-has-thumbnail"],"_links":{"self":[{"href":"https:\/\/regsteel.hu\/index.php?rest_route=\/wp\/v2\/pages\/3651","targetHints":{"allow":["GET"]}}],"collection":[{"href":"https:\/\/regsteel.hu\/index.php?rest_route=\/wp\/v2\/pages"}],"about":[{"href":"https:\/\/regsteel.hu\/index.php?rest_route=\/wp\/v2\/types\/page"}],"author":[{"embeddable":true,"href":"https:\/\/regsteel.hu\/index.php?rest_route=\/wp\/v2\/users\/1"}],"replies":[{"embeddable":true,"href":"https:\/\/regsteel.hu\/index.php?rest_route=%2Fwp%2Fv2%2Fcomments&post=3651"}],"version-history":[{"count":6,"href":"https:\/\/regsteel.hu\/index.php?rest_route=\/wp\/v2\/pages\/3651\/revisions"}],"predecessor-version":[{"id":3712,"href":"https:\/\/regsteel.hu\/index.php?rest_route=\/wp\/v2\/pages\/3651\/revisions\/3712"}],"wp:featuredmedia":[{"embeddable":true,"href":"https:\/\/regsteel.hu\/index.php?rest_route=\/wp\/v2\/media\/3573"}],"wp:attachment":[{"href":"https:\/\/regsteel.hu\/index.php?rest_route=%2Fwp%2Fv2%2Fmedia&parent=3651"}],"curies":[{"name":"wp","href":"https:\/\/api.w.org\/{rel}","templated":true}]}}